{"id":295,"date":"2024-11-26T18:30:32","date_gmt":"2024-11-26T18:30:32","guid":{"rendered":"https:\/\/aumaparna.com\/realized\/?page_id=295"},"modified":"2024-11-26T18:30:32","modified_gmt":"2024-11-26T18:30:32","slug":"chapter-7-jnana-vijnana-yog","status":"publish","type":"page","link":"https:\/\/aumaparna.com\/realized\/chapter-7-jnana-vijnana-yog\/","title":{"rendered":"Chapter 7 &#8211; J\u00f1\u0101na Vij\u00f1\u0101na Yog"},"content":{"rendered":"\n<h2 class=\"wp-block-heading\">Yog through the Realization of Divine Knowledge<\/h2>\n\n\n\n<p><strong>Lord Krishna addresses Arjuna:<\/strong><br><strong>\u201cO Arjuna, the one who is under the protection of my umbrella and absorbed in me, practices yoga; he undoubtedly realizes me.\u201d<\/strong> <em>(VII:1)<\/em><\/p>\n\n\n\n<p><strong>\u201cI will reveal to you the complete knowledge, knowing which there will be nothing further to know.\u201d<\/strong> <em>(VII:2)<\/em><\/p>\n\n\n\n<p><strong>\u201cIn the multitudes of beings, there is hardly one who aspires to know me, and from those who succeed, barely one realizes me truly.\u201d<\/strong> <em>(VII:3)<\/em><\/p>\n\n\n\n<p><strong>\u201cEarth, water, fire, air, ether, mind, intellect, and ego are the eight aspects of my nature (prakriti). This is my gross nature. Apart from it, know my subtle nature, which is the soul that sustains this universe.\u201d<\/strong> <em>(VII:4-5)<\/em><\/p>\n\n\n\n<p><strong>\u201cO Arjuna! Know that all beings are born from these natures. I am the cause of the entire universe and also its dissolution. Apart from me, there is no other cause. This entire universe is strung in me like gems are strung on a thread.\u201d<\/strong> <em>(VII:6-7)<\/em><\/p>\n\n\n\n<p><strong>\u201cO Arjuna! I am the flavor in water, the effulgence of the sun and the moon, the word <em>Aum<\/em> in the Vedas, the sound in ether, and the essence of manhood in males. I am the pure fragrance in the earth, the radiance in fire, the life force in all beings, and penance in ascetics.\u201d<\/strong> <em>(VII:8-9)<\/em><\/p>\n\n\n\n<p><strong>\u201cO Arjuna! Know I am the primordial seed of all creation. I am the intelligence of the intellect, and the brilliance of the brilliant. I am the strength that is devoid of attachment and desire in the strong. I am the pure desire that is not juxtaposed with dharma.\u201d<\/strong> <em>(VII:10-11)<\/em><\/p>\n\n\n\n<p><strong>\u201cThe three modes of nature: <em>sattvaguna<\/em>, <em>rajoguna<\/em>, and <em>tamoguna<\/em> emanate from me. I am in them, but they are not in me. Not understanding this, the whole world is deluded by these three modes.\u201d<\/strong> <em>(VII:12-13)<\/em><\/p>\n\n\n\n<p><strong>\u201cIt is difficult to break through the illusion caused by these three modes. However, the devotee who is absorbed in me crosses this sea of illusion. Those whose discretion is eclipsed by their illusion\u2014such evil, low, and demonic people\u2014do not abide in me.\u201d<\/strong> <em>(VII:14-15)<\/em><\/p>\n\n\n\n<p><strong>\u201cO Arjuna! Those who perform good deeds are seekers in grief, seekers of knowledge, seekers of profit, and the man of wisdom. These are the four kinds who worship me.\u201d<\/strong> <em>(VII:16)<\/em><\/p>\n\n\n\n<hr class=\"wp-block-separator has-alpha-channel-opacity\"\/>\n\n\n\n<p>Lord Krishna said this thousands of years ago. Much water has flowed since. Today, people who suffer do not necessarily turn to God\u2014they take to drugs, alcohol, sex, or other escape routes. People have become rather devious, whereas Lord Krishna spoke to genuine seekers.<\/p>\n\n\n\n<hr class=\"wp-block-separator has-alpha-channel-opacity\"\/>\n\n\n\n<p><strong>\u201cAmongst these, the man of wisdom whose devotion is unconditional and intense is the best. He loves me above everything, and I too love him dearly. Undoubtedly, they are all good, but a realized soul attuned to me reflects me best.\u201d<\/strong> <em>(VII:17-18)<\/em><\/p>\n\n\n\n<p>When we hold a mirror, there is the one who sees the reflection, and there is also the act of seeing. But supposing the person himself becomes the mirror\u2014then he can see the reflection of the Supreme Being in his inner being.<\/p>\n\n\n\n<p>After many lives, a realized soul can recognize that everything is within the Supreme Being. Such a person is indeed rare. <em>(VII:19)<\/em><\/p>\n\n\n\n<p><strong>\u201cThose whose discretion is eclipsed due to desires worship other deities and propitiate them with various rites and rituals.\u201d<\/strong> <em>(VII:20)<\/em><\/p>\n\n\n\n<p>Deities are aspects of the Divine. Some businessmen, in the guise of seekers, worship the deity of wealth, Lakshmi, and importune her for favors.<\/p>\n\n\n\n<p>A street-smart businessman once made a wager with God that if his land sold for a million, he would donate half to charity. No sooner than the deal was clinched, his stance changed. He stipulated the price of the land at a hundred dollars on the condition that the customer should buy his dog for a million. Thus, he succeeded in circumventing his promise of a million to charity.<\/p>\n\n\n\n<p>But what if one gains the whole world and loses his Spirit?<\/p>\n\n\n\n<hr class=\"wp-block-separator has-alpha-channel-opacity\"\/>\n\n\n\n<p><strong>\u201cTo whichever deity a devotee worships with faith, I nurture his faith. Endowed with such faith, he worships that deity and obtains his desires. In fact, they are granted by none but myself.\u201d<\/strong> <em>(VII:21-22)<\/em><\/p>\n\n\n\n<p><strong>God acts like a mirror which reflects the object before it.<\/strong><br>Thus, as we pray, so He responds. It goes to show that as his faith is, so does the seeker find comfort. Our Lord Jesus Christ said something similar:<br><strong>\u201cBlessed are those who have not seen Him and still believe.\u201d<\/strong><\/p>\n\n\n\n<p>But faith is one ingredient that cannot be engendered\u2014it has to flow from the heart.<\/p>\n\n\n\n<p>Some seekers inflict suffering upon themselves, mistaking it for a purifying agent. But suffering does not transform. Another category of pseudo-grievers imagines their grief and indulges in melancholy devotional songs.<\/p>\n\n\n\n<p>Children are taught that by prayers and rituals, the deity would help them in school examinations. Instead of preparing for the examination, they spend their time in prayers. Pilgrims travel long distances for the fulfillment of their prayers, forgetting that pilgrimage is a place inside.<\/p>\n\n\n\n<p>Those who claim that God speaks to them as a result of their worship or sacrifices live under an illusion because they have no connection with Him. Without unison, whatever one offers to God only goes into the pockets of the priest and their accomplices. Likewise, their prayers only reach the ears of the self-appointed representatives of God.<\/p>\n\n\n\n<p>Educated people throng roadside temples for alms, not knowing God forever gives alms, but they don\u2019t know how to beg. But why beg for broken pieces of glass when the real diamond is at hand?<\/p>\n\n\n\n<p>With blind faith, we cannot recognize the real diamond. In fact, people with blind faith are more bound than atheists. One has to keep an open mind and seek a method that allows the attention to go within. For instance, in the light of the <strong>Kundalini<\/strong>, we can see the dirt in the lamp and thus clean it.<\/p>\n\n\n\n<p>Hence, there is no use dictating to people to give up blind faith\u2014it is better they see its clutter in their inbox and delete it.<\/p>\n\n\n\n<hr class=\"wp-block-separator has-alpha-channel-opacity\"\/>\n\n\n\n<p><strong>Lord Krishna:<\/strong><br><strong>\u201cTemporary is the solace gained by men of petty minds. The worshippers of the deities attain the deities, but my devotees attain me.\u201d<\/strong> <em>(VII:23)<\/em><\/p>\n\n\n\n<p><strong>\u201cNot knowing my true nature as being the Absolute and indestructible, the ignorant mistake the unmanifest as having manifested.\u201d<\/strong> <em>(VII:24)<\/em><\/p>\n\n\n\n<p>It is indeed amusing to watch little girls cuddle dolls as they talk, scold, and feed them. They name them, adorn them with beautiful clothes, and marry them off!<\/p>\n\n\n\n<p>The child continues to live inside the head of an adult and uses a crutch to draw hope, inspiration, or lean in the hour of crisis. The crutch could be an image, symbol, talisman, or idol. The adult becomes addicted to the new edifice of the mind through prayer and rituals. While a crutch is initially productive in engaging the attention, it later becomes counterproductive for graduating to the next level.<\/p>\n\n\n\n<p>For instance, if a devotee becomes addicted to an idol, he starts play-acting, <strong>\u201cMy God is greater than yours.\u201d<\/strong> It is no different from religious warfare where both opponents believe that God is on their side and even claim their God is greater than the enemy\u2019s!<\/p>\n\n\n\n<p>The Prophet Mohammad prohibited idol worship. But the mind cannot understand the abstract God without a crutch, and hence, it curates something that works as a reference point.<\/p>\n\n\n\n<p>Some extreme cases will clarify the picture. For example, the Greeks humanized their gods to such an extent that they colored them with all the human weaknesses\u2014lust, greed, anger, ambition, attachment, and jealousy. Lost in their imagery, they were unable to see the reality\u2014that was the Greek tragedy!<\/p>\n\n\n\n<p>Imagery is born of thoughts, and thoughts are dead, whereas God is a living process. How can one know something living through the dead?<\/p>\n\n\n\n<p><strong>\u201cVeiled by my yogamaya, I am not revealed to all. Through this illusion of my maya, the ignorant do not know me as the unborn, indestructible, and the Absolute.\u201d<\/strong> <em>(VII:25)<\/em><\/p>\n\n\n\n<hr class=\"wp-block-separator has-alpha-channel-opacity\"\/>\n\n\n\n<p>The horizon appears like an expanse of water to an eye that rivets into the distant desert. The mirage shows that things are not what they appear to be or what we perceive them to be.<\/p>\n\n\n\n<p>This <strong>Maya<\/strong> plays out not because of the way we look at it, but because we do not look at it the way it ought to be looked at. For instance, our <em>use-and-throw<\/em> utility culture caps the elderly like medicine bottles whose date has expired.<\/p>\n\n\n\n<p>But Maya does not allow us to see that we too will be capped the same way. We see people being buried every day, but Maya does not allow us to see that we too will be reduced to a handful of earth, and our possessions will be left behind.<\/p>\n\n\n\n<p>Maya makes us believe that by having great wealth, people will respect us. But on the contrary, it fuels their jealousy.<\/p>\n\n\n\n<p>Not only do we get lost in our own Maya but also fall in the Maya of entrepreneurs, politicians, media gurus, and marketing czars. They wave their magic wand to shape our consciousness, define our choices, spice our vocabulary, and create icons for us to idolize.<\/p>\n\n\n\n<p>For instance, an advertisement offering one shirt for free for the purchase of two shirts does not reveal that the price of two shirts is hidden in one!<\/p>\n\n\n\n<p>Thus, Maya stimulates our blood pressure, adrenaline, taste buds, and brain cells. We can\u2019t resist their utility because we do not see their face. For the Maya to work, it has to hide its face.<\/p>\n\n\n\n<p>But when we get the utility of the Absolute, everything else becomes relative. Though illusory appearances remain, they no longer lead us astray. On the contrary, we relax and enjoy the utilities of life because we know the One who is behind it!<\/p>\n\n\n\n<p><strong>\u201cI know the beings that have been in the past, present, and will be in the future, but I remain unknown to them.\u201d<\/strong> <em>(VII:26)<\/em><\/p>\n\n\n\n<p><strong>\u201cO Arjuna! All beings are deluded by duality arising from desire and aversion.\u201d<\/strong> <em>(VII:27)<\/em><\/p>\n\n\n\n<hr class=\"wp-block-separator has-alpha-channel-opacity\"\/>\n\n\n\n<p>Newton\u2019s third law of motion states that every action has an equal and opposite reaction. It shows that every <em>like<\/em> has a polarity\u2014<em>dislike<\/em>. Our likes and dislikes polarize us into pairs of opposites.<\/p>\n\n\n\n<p>Thus, reaction of any kind is not the solution. The solution is simply to surrender the ego. Lord Krishna reveals the nature of that surrender and also how to test it. It is a test that applies to each individual in any situation. However, the responsibility of maintaining absolute and uncompromising honesty rests upon the seeker himself.<\/p>\n\n\n\n<hr class=\"wp-block-separator has-alpha-channel-opacity\"\/>\n\n\n\n<p><strong>\u201cBut those who perform good deeds without self-interest, whose sins are purified, break through the duality of desire and hate. Attuned to the self, they worship me.\u201d<\/strong> <em>(VII:28)<\/em><\/p>\n\n\n\n<p><strong>\u201cThose who surrender to me and seek liberation from old age and death; they envisage the All-Pervading Power of the Divine and its nature. Thus, they fathom the nature of action.\u201d<\/strong> <em>(VII:29)<\/em><\/p>\n\n\n\n<p><strong>\u201cThose who know me as the one who presides over all material and divine dimensions, and as the essence of all offerings, they, with their minds attuned, sustain that knowledge of me even at the time of death, and thus attain me.\u201d<\/strong> <em>(VII:30)<\/em><\/p>\n","protected":false},"excerpt":{"rendered":"<p>Yog through the Realization of Divine Knowledge Lord Krishna addresses Arjuna:\u201cO Arjuna, the one who is under the protection of my umbrella and absorbed in me, practices yoga; he undoubtedly realizes me.\u201d (VII:1) \u201cI will reveal to you the complete knowledge, knowing which there will be nothing further to know.\u201d (VII:2) \u201cIn the multitudes of [&hellip;]<\/p>\n","protected":false},"author":1,"featured_media":0,"parent":0,"menu_order":0,"comment_status":"closed","ping_status":"closed","template":"","meta":{"footnotes":""},"class_list":["post-295","page","type-page","status-publish","hentry"],"_links":{"self":[{"href":"https:\/\/aumaparna.com\/realized\/wp-json\/wp\/v2\/pages\/295","targetHints":{"allow":["GET"]}}],"collection":[{"href":"https:\/\/aumaparna.com\/realized\/wp-json\/wp\/v2\/pages"}],"about":[{"href":"https:\/\/aumaparna.com\/realized\/wp-json\/wp\/v2\/types\/page"}],"author":[{"embeddable":true,"href":"https:\/\/aumaparna.com\/realized\/wp-json\/wp\/v2\/users\/1"}],"replies":[{"embeddable":true,"href":"https:\/\/aumaparna.com\/realized\/wp-json\/wp\/v2\/comments?post=295"}],"version-history":[{"count":1,"href":"https:\/\/aumaparna.com\/realized\/wp-json\/wp\/v2\/pages\/295\/revisions"}],"predecessor-version":[{"id":296,"href":"https:\/\/aumaparna.com\/realized\/wp-json\/wp\/v2\/pages\/295\/revisions\/296"}],"wp:attachment":[{"href":"https:\/\/aumaparna.com\/realized\/wp-json\/wp\/v2\/media?parent=295"}],"curies":[{"name":"wp","href":"https:\/\/api.w.org\/{rel}","templated":true}]}}